{"id":4162,"date":"2024-11-07T10:28:17","date_gmt":"2024-11-07T09:28:17","guid":{"rendered":"https:\/\/myclim8.com\/cookie-policy\/"},"modified":"2024-11-07T10:28:17","modified_gmt":"2024-11-07T09:28:17","slug":"cookie-policy","status":"publish","type":"page","link":"https:\/\/myclim8.com\/it\/cookie-policy\/","title":{"rendered":"Politica sui cookie"},"content":{"rendered":"<p>Con questa politica sui cookie, desideriamo spiegare cosa sono i cookie e le tecnologie simili ai cookie, come noi e altri fornitori di servizi li utilizziamo su questo sito web, quali informazioni raccolgono, per quanto tempo e per quali scopi li utilizziamo.<\/p><h2>Indice dei contenuti<\/h2><ul><li><a href=\"#controller-of-the-website\">Controllo del sito web<\/a><\/li><li><a href=\"#diff-to-privacy-policy\">Aggiunta all'informativa sulla privacy<\/a><\/li><li><a href=\"#cookie-technology\">Cosa sono i cookie e le tecnologie simili?<\/a><\/li><li><a href=\"#legal-basis\">Qual \u00e8 la base giuridica per l'impostazione\/lettura dei cookie?<\/a><\/li><li><a href=\"#rights-of-visitor\">Quali diritti ha il visitatore del sito web?<\/a><\/li><li><a href=\"#manage-cookies\">Come gestire i cookie in un browser?<\/a><\/li><li><a href=\"#types-of-cookies\">Quali tipi di cookie esistono?<\/a><\/li><li><a href=\"#cookies-origin\">Chi pu\u00f2 impostare i cookie su questo sito web?<\/a><\/li><li><a href=\"#list-of-services\">Quali cookie vengono utilizzati su questo sito web?<\/a><\/li><\/ul><h2 id=\"controller-of-the-website\">Controllo del sito web<\/h2><ul><li><strong>Fornitore: <\/strong>Clim8\u00ae, Francia<\/li><li><strong>E-mail: <\/strong><a target=\"_blank\" href=\"mailto:hello@myclim8.com\">hello@myclim8.com<\/a><\/li><li><strong>Modulo di contatto: <\/strong><a target=\"_blank\" href=\"https:\/\/myclim8.com\/it\/contact\/\">myclim8.com\/it\/contatto\/<\/a><\/li><\/ul><h2 id=\"diff-to-privacy-policy\">Aggiunta all'informativa sulla privacy<\/h2><p>Questa politica sui cookie \u00e8 un supplemento alla politica sulla privacy di questo sito web. La politica sui cookie specifica come un sito web utilizza i cookie e quali dati raccoglie attraverso di essi, mentre la politica sulla privacy \u00e8 una panoramica pi\u00f9 completa di tutte le attivit\u00e0 di elaborazione dei dati sul sito web e oltre.<\/p><h2 id=\"cookie-technology\">Cosa sono i cookie e le tecnologie simili?<\/h2><p>I cookie sono piccole informazioni simili a file di testo che possono essere memorizzate e lette sul dispositivo finale. Servono a vari scopi, tra cui il mantenimento delle funzionalit\u00e0 di base del sito web, la sicurezza e la privacy, la fornitura di funzioni opzionali del sito web, la raccolta di dati statistici sui flussi di visitatori e la fornitura di sistemi di marketing. Esempi pratici di ci\u00f2 che pu\u00f2 essere memorizzato nei cookie sono la memorizzazione dello stato di login negli account utente, il contenuto dei cestini della spesa nelle piattaforme di e-commerce, o un ID utente per il monitoraggio del comportamento sul sito web.<br \/><br \/>Tecnicamente, le informazioni possono essere memorizzate in vari modi. Gli esempi pi\u00f9 noti sono i cookie HTTP e le tecnologie simili ai cookie, come la memorizzazione locale, la memorizzazione di sessione o l'IndexedDB. Ogni tipo di memorizzazione ha propriet\u00e0 diverse, che determinano la gestione tecnica, l'accessibilit\u00e0 e i controllori autorizzati ad accedere alle informazioni. Tutti questi tipi di memorizzazione sono solitamente riassunti sotto il termine \"cookie\" e sono pertanto denominati come tali nella presente informativa sui cookie.<\/p><h2 id=\"legal-basis\">Qual \u00e8 la base giuridica per l'impostazione\/lettura dei cookie?<\/h2><p>L'impostazione e la lettura dei cookie nell'Unione Europea (UE) e nello Spazio Economico Europeo (SEE) sono consentite, in conformit\u00e0 con Articolo 122 Codice italiano di protezione dei dati personali (Codice in materia di protezione dei dati personali), solo se l'utente ha dato il suo consenso sulla base di un'informazione completa sulle finalit\u00e0 del trattamento. L'operatore del sito web pu\u00f2 anche impostare i cookie se sono strettamente necessari per fornire a lei come utente il servizio espressamente richiesto, ad esempio il contenuto di base di questo sito web o altri cookie strettamente necessari per la funzionalit\u00e0 di base del sito web da mostrare all'utente senza il suo consenso.<br \/><br \/>L'impostazione e la lettura dei cookie in Svizzera \u00e8 in conformit\u00e0 con l'Art. 45c lettera b) FMG (Fernmeldegesetz) solamente consentita se l'utente ha la possibilit\u00e0 di opporsi al trattamento dei dati sulla base di un'informazione completa sulle finalit\u00e0 del trattamento. In casi eccezionali, \u00e8 necessario ottenere il consenso per il trattamento dei dati personali nei cookie in Svizzera.<\/p><h2 id=\"rights-of-visitor\">Quali diritti ha il visitatore del sito web?<\/h2><p>I servizi e i relativi cookie possono essere impostati e letti sulla base del vostro consenso o di un interesse legittimo. Quando avete visitato questo sito per la prima volta, vi \u00e8 stato chiesto il consenso e avete avuto la possibilit\u00e0 di opporvi all'utilizzo di alcuni servizi. Nella nostra finestra di dialogo sul consenso abbiamo spiegato quale base giuridica viene utilizzata per ciascun servizio.<br \/><br \/>Avete il diritto di visualizzare la cronologia delle vostre decisioni, di modificare le vostre impostazioni sulla privacy, di opporvi all'uso dei servizi e di revocare il vostro consenso in qualsiasi momento. Di seguito trovate le possibilit\u00e0 di esercitare i vostri diritti:<br \/><ul><li><a  href=\"#consent-change\" role=\"button\" id=\"rcb-sc-link-change\" data-success-message=\"\" class=\"rcb-sc-link rcb-sc-link-change\">Modifica impostazioni privacy<\/a><\/li><li><a  href=\"#consent-history\" role=\"button\" id=\"rcb-sc-link-history\" data-success-message=\"\" class=\"rcb-sc-link rcb-sc-link-history\">Cronologia impostazioni privacy<\/a><\/li><li><a  href=\"#consent-revoke\" role=\"button\" id=\"rcb-sc-link-revoke\" data-success-message=\"Hai revocato con successo il consenso per i servizi con i relativi cookie e il trattamento dei dati personali. La pagina verr\u00e0 ricaricata ora!\" class=\"rcb-sc-link rcb-sc-link-revoke\">Revoca dei consensi<\/a><\/li><\/ul><\/p><h2 id=\"manage-cookies\">Come gestire i cookie in un browser?<\/h2><p><ul><li><strong>Come rimuovere i cookie in un browser:<\/strong> Per rimuovere i cookie dal dispositivo, \u00e8 possibile cancellare i dati di navigazione nelle impostazioni del browser. Questa azione rimuover\u00e0 tutti i cookie da tutti i siti web visitati, compresi potenzialmente i dati di accesso salvati e le preferenze del sito. In alcuni browser \u00e8 possibile eliminare solo i cookie e dati simili senza cancellare l'intera cronologia di navigazione.<\/li><li><strong>Come controllare i cookie in un browser:<\/strong> Per un controllo pi\u00f9 dettagliato sui cookie specifici di alcuni siti web, \u00e8 possibile accedere alle impostazioni sulla privacy e sui cookie del browser utilizzato. Qui \u00e8 possibile regolare le preferenze relative all'utilizzo dei cookie da parte di singoli siti.<\/li><li><strong>Come bloccare i cookie in un browser:<\/strong> \u00c8 possibile configurare la maggior parte dei browser moderni nelle loro impostazioni per bloccare l'installazione di tutti i cookie sul dispositivo. Tuttavia, bloccando i cookie, alcuni servizi e funzionalit\u00e0 potrebbero non funzionare correttamente, ad esempio il login come utente. \u00c8 inoltre possibile utilizzare estensioni per molti browser in grado di bloccare l'impostazione dei cookie sui siti web.<\/li><li><strong>Come gestire i cookie su questo sito web:<\/strong> Per adattare le vostre preferenze in materia di cookie su questo sito web, potete modificare le vostre preferenze in qualsiasi momento cliccando sul link nella sezione \"Diritti del visitatore del sito web\".<\/li><\/li>..<\/ul><p>\u00c8 possibile trovare ulteriori informazioni sulla gestione dei cookie <a href=\"https:\/\/devowl.io\/rcb\/cookie-handling\/\" target=\"_blank\">devowl.io\/rcb\/cookie-handling\/<\/a>.<\/p><\/p><h2 id=\"types-of-cookies\">Quali tipi di cookie esistono?<\/h2><p><ul><li><strong>Biscotti essenziali<\/strong> sono indispensabili per la funzionalit\u00e0 di base di un sito web e consentono funzioni quali il salvataggio delle informazioni di login o l'accesso ad aree sicure del sito. Questi includono, ad esempio, i cookie di sicurezza, che possono identificare un bot non desiderato sul sito web memorizzando una chiave di autenticazione in un cookie.<\/li><li><strong>Cookie funzionali<\/strong> migliorare l'esperienza dell'utente memorizzando informazioni e preferenze come le impostazioni della lingua o dell'aspetto del sito web per fornire informazioni personalizzate. Ci\u00f2 include, ad esempio, i cookie di preferenza che memorizzano la qualit\u00e0 video preferita dall'utente su un sito web.<\/li><li><strong>Cookie statistici<\/strong> raccogliere dati sull'utilizzo di un sito web per comprendere il comportamento degli utenti e ottimizzare le prestazioni del sito. Ci\u00f2 include, ad esempio, un ID utente assegnato in modo casuale che consente di attribuire se l'utente ha visitato una sottopagina del sito web.<\/li><li><strong>Cookie di marketing<\/strong> sono utilizzati per tracciare il comportamento degli utenti su diversi siti web e per visualizzare pubblicit\u00e0 personalizzate in base agli interessi e al comportamento di navigazione degli utenti. Ci\u00f2 include, ad esempio, i cookie pubblicitari che memorizzano un'interazione con una pubblicit\u00e0 sul sito web e la trasmettono agli inserzionisti o un sistema di chat per le domande pre-vendita e l'assistenza clienti.<\/li><\/li>..<\/ul><\/p><h2 id=\"cookies-origin\">Chi pu\u00f2 impostare i cookie su questo sito web?<\/h2><p>Su questo sito web, sia l'operatore del sito web che i servizi di terze parti che vengono utilizzati su questo sito web possono impostare dei cookie e accedere al suo contenuto. Chi pu\u00f2 accedere a quali cookie e al loro contenuto differisce tra cookie di prima parte e cookie di terza parte. I cookie di prima parte sono creati dal sito web visitato e possono essere letti solo dall'operatore del sito web e dai servizi di terze parti integrati in questo sito web. I cookie di terze parti sono impostati da servizi solitamente di terze parti su altri domini, possono essere letti da tutti i siti web in cui \u00e8 incorporato il servizio che controlla il dominio e, ad esempio, sono utilizzati dalle reti pubblicitarie per tracciare il comportamento degli utenti su diversi siti web e offrire pubblicit\u00e0 personalizzata.<\/p><h2 id=\"list-of-services\">Quali cookie vengono utilizzati su questo sito web?<\/h2><script type=\"application\/json\">{\"search\":{\"placeholder\":\"Cerca...\"},\"sort\":{\"sortAsc\":\"Ordina la colonna in modo ascendente\",\"sortDesc\":\"Ordina la colonna in modo decrescente\"},\"pagination\":{\"previous\":\"Precedente\",\"next\":\"Successivo\",\"navigate\":\"Pagina %1$d di %2$d\",\"page\":\"Pagina %d\",\"showing\":\"Mostrando\",\"of\":\"di\",\"to\":\"per\",\"results\":\"risultati\"},\"noRecordsFound\":\"Non sono stati trovati record corrispondenti\"}<\/script><table  class=\"devowl-wp-react-cookie-banner-cookie-policy\"><thead><tr><th width=\"200px\" scope=\"col\">Categoria<\/th><th width=\"400px\" scope=\"col\">Nome tecnico del cookie<\/th><th width=\"400px\" scope=\"col\">Ospite tecnico dei cookie<\/th><th width=\"400px\" scope=\"col\">Servizio<\/th><th width=\"250px\" scope=\"col\">Durata<\/th><th width=\"200px\" scope=\"col\">Tipo<\/th><th width=\"550px\" scope=\"col\">Scopo<\/th><\/tr><\/thead><tbody><tr><td>Essenziale<\/td><td>trp_lingua<\/td><td>myclim8.com<\/td><td>TradurrePress<\/td><td>30 giorni<\/td><td>Cookie HTTP<\/td><td>-<\/td><\/tr><tr><td>Essenziale<\/td><td>banner_cookie_reale*<\/td><td>.myclim8.com<\/td><td>Banner di biscotti reali<\/td><td>365 giorni<\/td><td>Cookie HTTP<\/td><td>Identificativo unico per il consenso, ma non per il visitatore del sito web. Possibilit\u00e0 di rivedere i parametri della banni\u00e8re dei cookie (testi, colori, caratteristiche, gruppi di servizi, servizi, blocchi di contenuti, ecc.<\/td><\/tr><tr><td>Essenziale<\/td><td>banner_cookie_reale*-tcf<\/td><td>.myclim8.com<\/td><td>Banner di biscotti reali<\/td><td>365 giorni<\/td><td>Cookie HTTP<\/td><td>I consensi raccolti nell'ambito del TCF e archiviati nel formato TC String, compresi i fornitori del TCF, gli obiettivi, gli obiettivi specifici, le caratteristiche e le caratteristiche speciali.<\/td><\/tr><tr><td>Essenziale<\/td><td>banner_cookie_reale*-gcm<\/td><td>.myclim8.com<\/td><td>Banner di biscotti reali<\/td><td>365 giorni<\/td><td>Cookie HTTP<\/td><td>I consensi relativi ai tipi di consenso (finalit\u00e9s) raccolti nell'ambito della modalit\u00e0 di consenso di Google sono archiviati per tutti i servizi compatibili con la modalit\u00e0 di consenso di Google.<\/td><\/tr><tr><td>Essenziale<\/td><td>test del cookie reale<\/td><td>.myclim8.com<\/td><td>Banner di biscotti reali<\/td><td>365 giorni<\/td><td>Cookie HTTP<\/td><td>Cookie utilizzato per testare la funzionalit\u00e0 dei cookie HTTP. Viene soppresso subito dopo il test.<\/td><\/tr><tr><td>Essenziale<\/td><td>banner_cookie_reale*<\/td><td>https:\/\/myclim8.com<\/td><td>Banner di biscotti reali<\/td><td>-<\/td><td>Stoccaggio locale<\/td><td>Identificativo unico per il consenso, ma non per il visitatore del sito web. Identificativo dei servizi e dei gruppi di servizi autorizzati. Non viene conservato se non fino a quando il consenso viene documentato sul server del sito web.<\/td><\/tr><tr><td>Essenziale<\/td><td>banner_cookie_reale*-tcf<\/td><td>https:\/\/myclim8.com<\/td><td>Banner di biscotti reali<\/td><td>-<\/td><td>Stoccaggio locale<\/td><td>I consensi raccolti nell'ambito del TCF sono archiviati nel formato TC String, compresi i fornitori del TCF, gli obiettivi, gli obiettivi specifici, le caratteristiche e le caratteristiche speciali. Non sono immagazzinati se non fino a quando il consenso \u00e8 documentato sul server del sito web.<\/td><\/tr><tr><td>Essenziale<\/td><td>banner_cookie_reale*-gcm<\/td><td>https:\/\/myclim8.com<\/td><td>Banner di biscotti reali<\/td><td>-<\/td><td>Stoccaggio locale<\/td><td>I consensi raccolti nell'ambito della modalit\u00e0 di consenso di Google sono archiviati nei tipi di consenso (finalit\u00e9s) per tutti i servizi compatibili con la modalit\u00e0 di consenso di Google. Il consenso \u00e8 conservato solo fino a quando \u00e8 documentato sul server del sito web.<\/td><\/tr><tr><td>Essenziale<\/td><td>real_cookie_banner-consent-queue*<\/td><td>https:\/\/myclim8.com<\/td><td>Banner di biscotti reali<\/td><td>-<\/td><td>Stoccaggio locale<\/td><td>Messa in cache locale della selezione in una banca dati di cookie fino a quando il server documenta il consenso; documentazione periodica o tentativo di modifica della pagina se il server non \u00e8 disponibile o \u00e8 a pagamento.<\/td><\/tr><tr><td>Funzionale<\/td><td>SIDCC<\/td><td>.google.com<\/td><td>YouTube<\/td><td>1 anno<\/td><td>Cookie HTTP<\/td><td>-<\/td><\/tr><tr><td>Funzionale<\/td><td>NID<\/td><td>.google.com<\/td><td>YouTube<\/td><td>6 mesi<\/td><td>Cookie HTTP<\/td><td>-<\/td><\/tr><tr><td>Funzionale<\/td><td>SIDCC<\/td><td>.youtube.com<\/td><td>YouTube<\/td><td>1 anno<\/td><td>Cookie HTTP<\/td><td>-<\/td><\/tr><tr><td>Funzionale<\/td><td>YSC<\/td><td>.youtube.com<\/td><td>YouTube<\/td><td>Sessione<\/td><td>Cookie HTTP<\/td><td>-<\/td><\/tr><tr><td>Funzionale<\/td><td>VISITATORE_INFO1_LIVE<\/td><td>.youtube.com<\/td><td>YouTube<\/td><td>6 mesi<\/td><td>Cookie HTTP<\/td><td>-<\/td><\/tr><tr><td>Funzionale<\/td><td>PREF<\/td><td>.youtube.com<\/td><td>YouTube<\/td><td>1 anno<\/td><td>Cookie HTTP<\/td><td>-<\/td><\/tr><tr><td>Funzionale<\/td><td>LOGIN_INFO<\/td><td>.youtube.com<\/td><td>YouTube<\/td><td>13 mesi<\/td><td>Cookie HTTP<\/td><td>-<\/td><\/tr><tr><td>Funzionale<\/td><td>CONSENSO<\/td><td>.youtube.com<\/td><td>YouTube<\/td><td>9 mesi<\/td><td>Cookie HTTP<\/td><td>-<\/td><\/tr><tr><td>Funzionale<\/td><td>CONSENSO<\/td><td>.google.com<\/td><td>YouTube<\/td><td>9 mesi<\/td><td>Cookie HTTP<\/td><td>-<\/td><\/tr><tr><td>Funzionale<\/td><td>_Sicuro-3PAPISID<\/td><td>.google.com<\/td><td>YouTube<\/td><td>13 mesi<\/td><td>Cookie HTTP<\/td><td>-<\/td><\/tr><tr><td>Funzionale<\/td><td>SAPISID<\/td><td>.google.com<\/td><td>YouTube<\/td><td>13 mesi<\/td><td>Cookie HTTP<\/td><td>-<\/td><\/tr><tr><td>Funzionale<\/td><td>APISID<\/td><td>.google.com<\/td><td>YouTube<\/td><td>13 mesi<\/td><td>Cookie HTTP<\/td><td>-<\/td><\/tr><tr><td>Funzionale<\/td><td>HSID<\/td><td>.google.com<\/td><td>YouTube<\/td><td>13 mesi<\/td><td>Cookie HTTP<\/td><td>-<\/td><\/tr><tr><td>Funzionale<\/td><td>_Sicuro-3PSID<\/td><td>.google.com<\/td><td>YouTube<\/td><td>13 mesi<\/td><td>Cookie HTTP<\/td><td>-<\/td><\/tr><tr><td>Funzionale<\/td><td>_Sicuro-3PAPISID<\/td><td>.youtube.com<\/td><td>YouTube<\/td><td>13 mesi<\/td><td>Cookie HTTP<\/td><td>-<\/td><\/tr><tr><td>Funzionale<\/td><td>SAPISID<\/td><td>.youtube.com<\/td><td>YouTube<\/td><td>13 mesi<\/td><td>Cookie HTTP<\/td><td>-<\/td><\/tr><tr><td>Funzionale<\/td><td>HSID<\/td><td>.youtube.com<\/td><td>YouTube<\/td><td>13 mesi<\/td><td>Cookie HTTP<\/td><td>-<\/td><\/tr><tr><td>Funzionale<\/td><td>SSID<\/td><td>.google.com<\/td><td>YouTube<\/td><td>13 mesi<\/td><td>Cookie HTTP<\/td><td>-<\/td><\/tr><tr><td>Funzionale<\/td><td>SID<\/td><td>.google.com<\/td><td>YouTube<\/td><td>13 mesi<\/td><td>Cookie HTTP<\/td><td>-<\/td><\/tr><tr><td>Funzionale<\/td><td>SSID<\/td><td>.youtube.com<\/td><td>YouTube<\/td><td>13 mesi<\/td><td>Cookie HTTP<\/td><td>-<\/td><\/tr><tr><td>Funzionale<\/td><td>APISID<\/td><td>.youtube.com<\/td><td>YouTube<\/td><td>13 mesi<\/td><td>Cookie HTTP<\/td><td>-<\/td><\/tr><tr><td>Funzionale<\/td><td>_Sicuro-3PSID<\/td><td>.youtube.com<\/td><td>YouTube<\/td><td>13 mesi<\/td><td>Cookie HTTP<\/td><td>-<\/td><\/tr><tr><td>Funzionale<\/td><td>SID<\/td><td>.youtube.com<\/td><td>YouTube<\/td><td>13 mesi<\/td><td>Cookie HTTP<\/td><td>-<\/td><\/tr><tr><td>Funzionale<\/td><td>OTZ<\/td><td>www.google.com<\/td><td>YouTube<\/td><td>1 giorno<\/td><td>Cookie HTTP<\/td><td>-<\/td><\/tr><tr><td>Funzionale<\/td><td>IDE<\/td><td>.doubleclick.net<\/td><td>YouTube<\/td><td>9 mesi<\/td><td>Cookie HTTP<\/td><td>-<\/td><\/tr><tr><td>Funzionale<\/td><td>SOCS<\/td><td>.youtube.com<\/td><td>YouTube<\/td><td>9 mesi<\/td><td>Cookie HTTP<\/td><td>-<\/td><\/tr><tr><td>Funzionale<\/td><td>SOCS<\/td><td>.google.com<\/td><td>YouTube<\/td><td>9 mesi<\/td><td>Cookie HTTP<\/td><td>-<\/td><\/tr><tr><td>Funzionale<\/td><td>yt-remote-device-id<\/td><td>https:\/\/www.youtube.com<\/td><td>YouTube<\/td><td>-<\/td><td>Stoccaggio locale<\/td><td>-<\/td><\/tr><tr><td>Funzionale<\/td><td>yt-player-headers-readable<\/td><td>https:\/\/www.youtube.com<\/td><td>YouTube<\/td><td>-<\/td><td>Stoccaggio locale<\/td><td>-<\/td><\/tr><tr><td>Funzionale<\/td><td>ytidb::LAST_RESULT_ENTRY_KEY<\/td><td>https:\/\/www.youtube.com<\/td><td>YouTube<\/td><td>-<\/td><td>Stoccaggio locale<\/td><td>-<\/td><\/tr><tr><td>Funzionale<\/td><td>yt-fullerscreen-edu-button-shown-count<\/td><td>https:\/\/www.youtube.com<\/td><td>YouTube<\/td><td>-<\/td><td>Stoccaggio locale<\/td><td>-<\/td><\/tr><tr><td>Funzionale<\/td><td>Dispositivi connessi da remoto<\/td><td>https:\/\/www.youtube.com<\/td><td>YouTube<\/td><td>-<\/td><td>Stoccaggio locale<\/td><td>-<\/td><\/tr><tr><td>Funzionale<\/td><td>yt-player-bandwidth<\/td><td>https:\/\/www.youtube.com<\/td><td>YouTube<\/td><td>-<\/td><td>Stoccaggio locale<\/td><td>-<\/td><\/tr><tr><td>Funzionale<\/td><td>LogsDatabaseV2:*||<\/td><td>https:\/\/www.youtube.com<\/td><td>YouTube<\/td><td>-<\/td><td>DB indicizzato<\/td><td>-<\/td><\/tr><tr><td>Funzionale<\/td><td>ServiceWorkerLogsDatabase<\/td><td>https:\/\/www.youtube.com<\/td><td>YouTube<\/td><td>-<\/td><td>DB indicizzato<\/td><td>-<\/td><\/tr><tr><td>Funzionale<\/td><td>YtldbMeta<\/td><td>https:\/\/www.youtube.com<\/td><td>YouTube<\/td><td>-<\/td><td>DB indicizzato<\/td><td>-<\/td><\/tr><tr><td>Funzionale<\/td><td>_Sicuro-YEC<\/td><td>.youtube.com<\/td><td>YouTube<\/td><td>1 anno<\/td><td>Cookie HTTP<\/td><td>-<\/td><\/tr><tr><td>Funzionale<\/td><td>cookie_di_prova<\/td><td>.doubleclick.net<\/td><td>YouTube<\/td><td>1 giorno<\/td><td>Cookie HTTP<\/td><td>-<\/td><\/tr><tr><td>Funzionale<\/td><td>yt-giocatore-qualit\u00e0<\/td><td>https:\/\/www.youtube.com<\/td><td>YouTube<\/td><td>-<\/td><td>Stoccaggio locale<\/td><td>-<\/td><\/tr><tr><td>Funzionale<\/td><td>yt-giocatore-performance-cap<\/td><td>https:\/\/www.youtube.com<\/td><td>YouTube<\/td><td>-<\/td><td>Stoccaggio locale<\/td><td>-<\/td><\/tr><tr><td>Funzionale<\/td><td>yt-giocatore-volume<\/td><td>https:\/\/www.youtube.com<\/td><td>YouTube<\/td><td>-<\/td><td>Stoccaggio locale<\/td><td>-<\/td><\/tr><tr><td>Funzionale<\/td><td>PersistentEntityStoreDb:*||<\/td><td>https:\/\/www.youtube.com<\/td><td>YouTube<\/td><td>-<\/td><td>DB indicizzato<\/td><td>-<\/td><\/tr><tr><td>Funzionale<\/td><td>yt-idb-pref-storage:*||<\/td><td>https:\/\/www.youtube.com<\/td><td>YouTube<\/td><td>-<\/td><td>DB indicizzato<\/td><td>-<\/td><\/tr><tr><td>Funzionale<\/td><td>yt.innertube::nextId<\/td><td>https:\/\/www.youtube.com<\/td><td>YouTube<\/td><td>-<\/td><td>Stoccaggio locale<\/td><td>-<\/td><\/tr><tr><td>Funzionale<\/td><td>yt.innertube::richieste<\/td><td>https:\/\/www.youtube.com<\/td><td>YouTube<\/td><td>-<\/td><td>Stoccaggio locale<\/td><td>-<\/td><\/tr><tr><td>Funzionale<\/td><td>yt-html5-player-modules::subtitlesModuleData::module-enabled<\/td><td>https:\/\/www.youtube.com<\/td><td>YouTube<\/td><td>-<\/td><td>Stoccaggio locale<\/td><td>-<\/td><\/tr><tr><td>Funzionale<\/td><td>yt-remote-session-app<\/td><td>https:\/\/www.youtube.com<\/td><td>YouTube<\/td><td>SESSIONE<\/td><td>Memorizzazione della sessione<\/td><td>-<\/td><\/tr><tr><td>Funzionale<\/td><td>yt-remote-cast-installato<\/td><td>https:\/\/www.youtube.com<\/td><td>YouTube<\/td><td>SESSIONE<\/td><td>Memorizzazione della sessione<\/td><td>-<\/td><\/tr><tr><td>Funzionale<\/td><td>yt-giocatore-volume<\/td><td>https:\/\/www.youtube.com<\/td><td>YouTube<\/td><td>SESSIONE<\/td><td>Memorizzazione della sessione<\/td><td>-<\/td><\/tr><tr><td>Funzionale<\/td><td>nome della sessione remota<\/td><td>https:\/\/www.youtube.com<\/td><td>YouTube<\/td><td>SESSIONE<\/td><td>Memorizzazione della sessione<\/td><td>-<\/td><\/tr><tr><td>Funzionale<\/td><td>yt-remote-cast-available<\/td><td>https:\/\/www.youtube.com<\/td><td>YouTube<\/td><td>SESSIONE<\/td><td>Memorizzazione della sessione<\/td><td>-<\/td><\/tr><tr><td>Funzionale<\/td><td>yt-remote-fast-check-period<\/td><td>https:\/\/www.youtube.com<\/td><td>YouTube<\/td><td>SESSIONE<\/td><td>Memorizzazione della sessione<\/td><td>-<\/td><\/tr><tr><td>Funzionale<\/td><td>*||::yt-player::yt-player-lv<\/td><td>https:\/\/www.youtube.com<\/td><td>YouTube<\/td><td>-<\/td><td>Stoccaggio locale<\/td><td>-<\/td><\/tr><tr><td>Funzionale<\/td><td>swpushnotificationsdb<\/td><td>https:\/\/www.youtube.com<\/td><td>YouTube<\/td><td>-<\/td><td>DB indicizzato<\/td><td>-<\/td><\/tr><tr><td>Funzionale<\/td><td>yt-player-local-media:*||<\/td><td>https:\/\/www.youtube.com<\/td><td>YouTube<\/td><td>-<\/td><td>DB indicizzato<\/td><td>-<\/td><\/tr><tr><td>Funzionale<\/td><td>yt-it-response-store:*||<\/td><td>https:\/\/www.youtube.com<\/td><td>YouTube<\/td><td>-<\/td><td>DB indicizzato<\/td><td>-<\/td><\/tr><tr><td>Funzionale<\/td><td>__HOST-GAPS<\/td><td>account.google.com<\/td><td>YouTube<\/td><td>13 mesi<\/td><td>Cookie HTTP<\/td><td>-<\/td><\/tr><tr><td>Funzionale<\/td><td>OTZ<\/td><td>account.google.com<\/td><td>YouTube<\/td><td>1 giorno<\/td><td>Cookie HTTP<\/td><td>-<\/td><\/tr><tr><td>Funzionale<\/td><td>_Sicuro-1PSIDCC<\/td><td>.google.com<\/td><td>YouTube<\/td><td>1 anno<\/td><td>Cookie HTTP<\/td><td>-<\/td><\/tr><tr><td>Funzionale<\/td><td>__Sicuro-1PAPISID<\/td><td>.google.com<\/td><td>YouTube<\/td><td>1 anno<\/td><td>Cookie HTTP<\/td><td>-<\/td><\/tr><tr><td>Funzionale<\/td><td>_Sicuro-3PSIDCC<\/td><td>.youtube.com<\/td><td>YouTube<\/td><td>1 anno<\/td><td>Cookie HTTP<\/td><td>-<\/td><\/tr><tr><td>Funzionale<\/td><td>__Sicuro-1PAPISID<\/td><td>.youtube.com<\/td><td>YouTube<\/td><td>13 mesi<\/td><td>Cookie HTTP<\/td><td>-<\/td><\/tr><tr><td>Funzionale<\/td><td>__Sicuro-1PSID<\/td><td>.youtube.com<\/td><td>YouTube<\/td><td>13 mesi<\/td><td>Cookie HTTP<\/td><td>-<\/td><\/tr><tr><td>Funzionale<\/td><td>_Sicuro-3PSIDCC<\/td><td>.google.com<\/td><td>YouTube<\/td><td>1 anno<\/td><td>Cookie HTTP<\/td><td>-<\/td><\/tr><tr><td>Funzionale<\/td><td>__Secure-ENID<\/td><td>.google.com<\/td><td>YouTube<\/td><td>1 anno<\/td><td>Cookie HTTP<\/td><td>-<\/td><\/tr><tr><td>Funzionale<\/td><td>AEC<\/td><td>.google.com<\/td><td>YouTube<\/td><td>6 mesi<\/td><td>Cookie HTTP<\/td><td>-<\/td><\/tr><tr><td>Funzionale<\/td><td>__Sicuro-1PSID<\/td><td>.google.com<\/td><td>YouTube<\/td><td>13 mesi<\/td><td>Cookie HTTP<\/td><td>-<\/td><\/tr><tr><td>Funzionale<\/td><td>ytGefConfig:*||<\/td><td>https:\/\/www.youtube.com<\/td><td>YouTube<\/td><td>-<\/td><td>DB indicizzato<\/td><td>-<\/td><\/tr><tr><td>Funzionale<\/td><td>__Host-3PLSID<\/td><td>account.google.com<\/td><td>YouTube<\/td><td>13 mesi<\/td><td>Cookie HTTP<\/td><td>-<\/td><\/tr><tr><td>Funzionale<\/td><td>LSID<\/td><td>account.google.com<\/td><td>YouTube<\/td><td>13 mesi<\/td><td>Cookie HTTP<\/td><td>-<\/td><\/tr><tr><td>Funzionale<\/td><td>SCELTA_CONTO<\/td><td>account.google.com<\/td><td>YouTube<\/td><td>13 mesi<\/td><td>Cookie HTTP<\/td><td>-<\/td><\/tr><tr><td>Funzionale<\/td><td>__Host-1PLSID<\/td><td>account.google.com<\/td><td>YouTube<\/td><td>13 mesi<\/td><td>Cookie HTTP<\/td><td>-<\/td><\/tr><tr><td>Statistiche<\/td><td>_ga<\/td><td>.myclim8.com<\/td><td>Google Analytics<\/td><td>24 anni<\/td><td>Cookie HTTP<\/td><td>ID utente per analizzare il comportamento generale degli utenti su diversi siti web<\/td><\/tr><tr><td>Statistiche<\/td><td>_ga_*<\/td><td>.myclim8.com<\/td><td>Google Analytics<\/td><td>24 anni<\/td><td>Cookie HTTP<\/td><td>ID utente per l'analisi del comportamento degli utenti su questo sito web per i rapporti sull'uso del sito web<\/td><\/tr><\/tbody><\/table><p>La politica sui cookie \u00e8 stata aggiornata l'ultima volta il 20 febbraio 2025.<\/p>","protected":false},"excerpt":{"rendered":"","protected":false},"author":2,"featured_media":0,"parent":0,"menu_order":0,"comment_status":"closed","ping_status":"closed","template":"","meta":{"_acf_changed":false,"_seopress_robots_primary_cat":"","_seopress_titles_title":"","_seopress_titles_desc":"","_seopress_robots_index":"","footnotes":""},"class_list":["post-4162","page","type-page","status-publish"],"acf":[],"_links":{"self":[{"href":"https:\/\/myclim8.com\/it\/wp-json\/wp\/v2\/pages\/4162","targetHints":{"allow":["GET"]}}],"collection":[{"href":"https:\/\/myclim8.com\/it\/wp-json\/wp\/v2\/pages"}],"about":[{"href":"https:\/\/myclim8.com\/it\/wp-json\/wp\/v2\/types\/page"}],"author":[{"embeddable":true,"href":"https:\/\/myclim8.com\/it\/wp-json\/wp\/v2\/users\/2"}],"replies":[{"embeddable":true,"href":"https:\/\/myclim8.com\/it\/wp-json\/wp\/v2\/comments?post=4162"}],"version-history":[{"count":0,"href":"https:\/\/myclim8.com\/it\/wp-json\/wp\/v2\/pages\/4162\/revisions"}],"wp:attachment":[{"href":"https:\/\/myclim8.com\/it\/wp-json\/wp\/v2\/media?parent=4162"}],"curies":[{"name":"wp","href":"https:\/\/api.w.org\/{rel}","templated":true}]}}